{"id":8253,"date":"2024-07-10T14:48:35","date_gmt":"2024-07-10T14:48:35","guid":{"rendered":"https:\/\/gruponiceway.com\/colabora-con-nosotros-grupo-niceway\/"},"modified":"2025-03-24T04:25:16","modified_gmt":"2025-03-24T04:25:16","slug":"colabora-con-nosotros-grupo-niceway","status":"publish","type":"page","link":"https:\/\/gruponiceway.com\/ca\/colabora-con-nosotros-grupo-niceway\/","title":{"rendered":"Colabora con nosotros"},"content":{"rendered":"<p>[et_pb_section fb_built=&#8221;1&#8243; _builder_version=&#8221;4.22.1&#8243; _module_preset=&#8221;default&#8221; da_disable_devices=&#8221;off|off|off&#8221; global_colors_info=&#8221;{}&#8221; da_is_popup=&#8221;off&#8221; da_exit_intent=&#8221;off&#8221; da_has_close=&#8221;on&#8221; da_alt_close=&#8221;off&#8221; da_dark_close=&#8221;off&#8221; da_not_modal=&#8221;on&#8221; da_is_singular=&#8221;off&#8221; da_with_loader=&#8221;off&#8221; da_has_shadow=&#8221;on&#8221;][et_pb_row _builder_version=&#8221;4.22.1&#8243; _module_preset=&#8221;default&#8221; use_background_color_gradient=&#8221;on&#8221; background_color_gradient_stops=&#8221;rgba(47,25,81,0.73) 0%|rgba(47,25,81,0.37) 49%|rgba(47,25,81,0) 100%&#8221; background_color_gradient_overlays_image=&#8221;on&#8221; background_image=&#8221;https:\/\/gruponiceway.com\/wp-content\/uploads\/2024\/10\/colabora-nueva.jpg&#8221; width=&#8221;1372px&#8221; width_tablet=&#8221;1372px&#8221; width_phone=&#8221;1372px&#8221; width_last_edited=&#8221;on|phone&#8221; max_width=&#8221;100%&#8221; height=&#8221;714px&#8221; height_tablet=&#8221;714px&#8221; height_phone=&#8221;500px&#8221; height_last_edited=&#8221;on|phone&#8221; background_last_edited=&#8221;on|phone&#8221; background_size_phone=&#8221;cover&#8221; border_radii=&#8221;on|15px|15px|15px|15px&#8221; global_colors_info=&#8221;{}&#8221;][et_pb_column type=&#8221;4_4&#8243; _builder_version=&#8221;4.22.1&#8243; _module_preset=&#8221;default&#8221; global_colors_info=&#8221;{}&#8221;][et_pb_image src=&#8221;https:\/\/gruponiceway.com\/wp-content\/uploads\/2024\/07\/logo-footer.png&#8221; title_text=&#8221;logo-footer&#8221; align=&#8221;center&#8221; _builder_version=&#8221;4.22.1&#8243; _module_preset=&#8221;default&#8221; width=&#8221;276px&#8221; width_tablet=&#8221;24%&#8221; width_phone=&#8221;24%&#8221; width_last_edited=&#8221;on|desktop&#8221; custom_margin=&#8221;76px|||||&#8221; custom_padding=&#8221;0px|||||&#8221; global_colors_info=&#8221;{}&#8221;][\/et_pb_image][et_pb_text _builder_version=&#8221;4.22.1&#8243; _module_preset=&#8221;default&#8221; text_font=&#8221;charter||||||||&#8221; text_text_color=&#8221;#ffffff&#8221; text_font_size=&#8221;48px&#8221; text_line_height=&#8221;0.8em&#8221; header_font=&#8221;charter||||||||&#8221; header_text_color=&#8221;#FFFFFF&#8221; header_font_size=&#8221;48px&#8221; text_orientation=&#8221;center&#8221; custom_margin=&#8221;64px||||false|false&#8221; custom_margin_tablet=&#8221;64px||||false|false&#8221; custom_margin_phone=&#8221;64px||||false|false&#8221; custom_margin_last_edited=&#8221;on|desktop&#8221; text_font_size_tablet=&#8221;48px&#8221; text_font_size_phone=&#8221;48px&#8221; text_font_size_last_edited=&#8221;on|phone&#8221; custom_css_main_element=&#8221;font-family:&#8217;charter&#8217;;||font-weight:400;&#8221; global_colors_info=&#8221;{}&#8221;]<\/p>\n<h1 style=\"font-family: charter;\">Col\u00b7labora amb nosaltres<br \/>\n<\/h1>\n<p>[\/et_pb_text][et_pb_text _builder_version=&#8221;4.22.1&#8243; _module_preset=&#8221;default&#8221; text_font=&#8221;Inter|300|||||||&#8221; text_text_color=&#8221;#ffffff&#8221; text_font_size=&#8221;18px&#8221; text_orientation=&#8221;center&#8221; width=&#8221;49%&#8221; width_tablet=&#8221;49%&#8221; width_phone=&#8221;49%&#8221; width_last_edited=&#8221;on|desktop&#8221; module_alignment=&#8221;center&#8221; text_font_size_tablet=&#8221;18px&#8221; text_font_size_phone=&#8221;18px&#8221; text_font_size_last_edited=&#8221;on|desktop&#8221; custom_css_main_element=&#8221;font-family:&#8217;Inter&#8217;;||font-weight:400;||font-size:18px&#8221; global_colors_info=&#8221;{}&#8221;]Col\u00b7laboracions comercials en serveis de neteja, control d\u2019acc\u00e9s i serveis auxiliars[\/et_pb_text][\/et_pb_column][\/et_pb_row][\/et_pb_section][et_pb_section fb_built=&#8221;1&#8243; _builder_version=&#8221;4.22.1&#8243; _module_preset=&#8221;default&#8221; da_disable_devices=&#8221;off|off|off&#8221; global_colors_info=&#8221;{}&#8221; da_is_popup=&#8221;off&#8221; da_exit_intent=&#8221;off&#8221; da_has_close=&#8221;on&#8221; da_alt_close=&#8221;off&#8221; da_dark_close=&#8221;off&#8221; da_not_modal=&#8221;on&#8221; da_is_singular=&#8221;off&#8221; da_with_loader=&#8221;off&#8221; da_has_shadow=&#8221;on&#8221;][et_pb_row column_structure=&#8221;1_2,1_2&#8243; _builder_version=&#8221;4.22.1&#8243; _module_preset=&#8221;default&#8221; custom_margin=&#8221;0px||-22px||false|false&#8221; custom_margin_tablet=&#8221;0px||-22px||false|false&#8221; custom_margin_phone=&#8221;0px||-21px||false|false&#8221; custom_margin_last_edited=&#8221;on|desktop&#8221; custom_padding=&#8221;0px||0px||true|false&#8221; global_colors_info=&#8221;{}&#8221;][et_pb_column type=&#8221;1_2&#8243; _builder_version=&#8221;4.19.2&#8243; _module_preset=&#8221;default&#8221; custom_padding=&#8221;|5%|90px||false|false&#8221; custom_padding_tablet=&#8221;|0%|30px||false|false&#8221; custom_padding_phone=&#8221;|0%|30px||false|false&#8221; custom_padding_last_edited=&#8221;on|tablet&#8221; global_colors_info=&#8221;{}&#8221;][et_pb_image src=&#8221;https:\/\/gruponiceway.com\/wp-content\/uploads\/2024\/10\/1cf105d4a6c39c56874c7a33352f9a19-scaled-copy.webp&#8221; title_text=&#8221;1cf105d4a6c39c56874c7a33352f9a19-scaled copy&#8221; _builder_version=&#8221;4.22.1&#8243; _module_preset=&#8221;default&#8221; width_tablet=&#8221;&#8221; width_phone=&#8221;100%&#8221; width_last_edited=&#8221;on|phone&#8221; border_radii=&#8221;on|15px|15px|15px|15px&#8221; global_colors_info=&#8221;{}&#8221;][\/et_pb_image][\/et_pb_column][et_pb_column type=&#8221;1_2&#8243; _builder_version=&#8221;4.19.2&#8243; _module_preset=&#8221;default&#8221; custom_padding=&#8221;|5%|90px||false|false&#8221; custom_padding_tablet=&#8221;|0%|30px||false|false&#8221; custom_padding_phone=&#8221;|0%|30px||false|false&#8221; custom_padding_last_edited=&#8221;on|tablet&#8221; global_colors_info=&#8221;{}&#8221;][et_pb_text _builder_version=&#8221;4.22.1&#8243; _module_preset=&#8221;default&#8221; text_font=&#8221;charter||||||||&#8221; text_text_color=&#8221;#c38e51&#8243; text_font_size=&#8221;32px&#8221; text_line_height=&#8221;1em&#8221; header_font=&#8221;Abhaya Libre||||||||&#8221; header_text_align=&#8221;center&#8221; header_text_color=&#8221;#c38e51&#8243; header_font_size=&#8221;50px&#8221; header_2_text_color=&#8221;#c38e51&#8243; header_2_font_size=&#8221;32px&#8221; width=&#8221;80%&#8221; width_tablet=&#8221;100%&#8221; width_phone=&#8221;80%&#8221; width_last_edited=&#8221;on|phone&#8221; custom_margin=&#8221;|||9px|false|false&#8221; custom_margin_tablet=&#8221;|||0px|false|false&#8221; custom_margin_phone=&#8221;|||0px|false|false&#8221; custom_margin_last_edited=&#8221;on|phone&#8221; text_font_size_tablet=&#8221;32px&#8221; text_font_size_phone=&#8221;32px&#8221; text_font_size_last_edited=&#8221;on|tablet&#8221; header_font_size_tablet=&#8221;36px&#8221; header_font_size_phone=&#8221;34px&#8221; header_font_size_last_edited=&#8221;on|tablet&#8221; custom_css_main_element=&#8221;font-family:&#8217;charter&#8217;;||font-weight:400;&#8221; global_colors_info=&#8221;{}&#8221;]<\/p>\n<h2>Uneix-te al m\u00f3n NiceWay<br \/>\n<\/h2>\n<p>[\/et_pb_text][et_pb_text _builder_version=&#8221;4.22.1&#8243; _module_preset=&#8221;default&#8221; text_font=&#8221;Inter||||||||&#8221; text_text_color=&#8221;#3c3c3c&#8221; text_font_size=&#8221;16px&#8221; text_line_height=&#8221;1.3em&#8221; width=&#8221;100%&#8221; width_tablet=&#8221;100%&#8221; width_phone=&#8221;100%&#8221; width_last_edited=&#8221;on|phone&#8221; custom_margin=&#8221;|||9px|false|false&#8221; custom_margin_tablet=&#8221;|||0px|false|false&#8221; custom_margin_phone=&#8221;|||0px|false|false&#8221; custom_margin_last_edited=&#8221;on|tablet&#8221; text_font_size_tablet=&#8221;16px&#8221; text_font_size_phone=&#8221;14px&#8221; text_font_size_last_edited=&#8221;on|phone&#8221; custom_css_main_element=&#8221;font-family:&#8217;Inter&#8217;;||font-weight:400;||line-height:20px;&#8221; global_colors_info=&#8221;{}&#8221;]<\/p>\n<p><span data-metadata=\"&lt;!--(figmeta)eyJmaWxlS2V5IjoiU2Q5YXRXcGFQcUowR2pKU1BFdDY4TiIsInBhc3RlSUQiOjM3MzAzNjU2OSwiZGF0YVR5cGUiOiJzY2VuZSJ9Cg==(\/figmeta)--&gt;\"><\/span>A NiceWay estem en constant creixement i a la recerca de col\u00b7laboracions comercials per continuar enfortint aquest gran projecte.<\/p>\n<p>Si ets un professional del sector o simplement comptes amb una xarxa de contactes que ens podria obrir noves oportunitats de negoci, i est\u00e0s interessat a obtenir ingressos addicionals, et convidem a contactar-nos.<br \/>Presenta\u2019ns la teva proposta de negoci i a NiceWay t\u2019explicarem com obtenir un ingr\u00e9s addicional per referir clients potencials.<\/p>\n<p>[\/et_pb_text][\/et_pb_column][\/et_pb_row][et_pb_row column_structure=&#8221;1_2,1_2&#8243; _builder_version=&#8221;4.22.1&#8243; _module_preset=&#8221;default&#8221; background_enable_color=&#8221;off&#8221; custom_margin=&#8221;||||false|false&#8221; custom_margin_tablet=&#8221;49px||||false|false&#8221; custom_margin_phone=&#8221;49px||||false|false&#8221; custom_margin_last_edited=&#8221;on|phone&#8221; border_color_all=&#8221;#c39a6b&#8221; global_colors_info=&#8221;{}&#8221;][et_pb_column type=&#8221;1_2&#8243; admin_label=&#8221;Columna&#8221; _builder_version=&#8221;4.22.1&#8243; _module_preset=&#8221;default&#8221; global_colors_info=&#8221;{}&#8221;][et_pb_text _builder_version=&#8221;4.22.1&#8243; _module_preset=&#8221;default&#8221; text_font=&#8221;charter||||||||&#8221; text_text_color=&#8221;#c38e51&#8243; text_font_size=&#8221;32px&#8221; text_line_height=&#8221;1em&#8221; header_2_text_color=&#8221;#c38e51&#8243; header_2_font_size=&#8221;32px&#8221; custom_margin=&#8221;-12px|||37px|false|false&#8221; custom_margin_tablet=&#8221;0px|||0px|false|false&#8221; custom_margin_phone=&#8221;0px|0px||0px|false|true&#8221; custom_margin_last_edited=&#8221;on|phone&#8221; custom_padding_tablet=&#8221;|||0px|false|false&#8221; custom_padding_phone=&#8221;|||0px|false|false&#8221; custom_padding_last_edited=&#8221;on|tablet&#8221; text_font_size_tablet=&#8221;32px&#8221; text_font_size_phone=&#8221;32px&#8221; text_font_size_last_edited=&#8221;on|phone&#8221; custom_css_main_element=&#8221;font-family:&#8217;charter&#8217;;||font-weight:400;&#8221; global_colors_info=&#8221;{}&#8221;]<\/p>\n<h2>Sigues un Ambaixador NiceWay<\/h2>\n<p>[\/et_pb_text][et_pb_text _builder_version=&#8221;4.22.1&#8243; _module_preset=&#8221;default&#8221; text_font=&#8221;Inter||||||||&#8221; text_text_color=&#8221;#3c3c3c&#8221; text_font_size=&#8221;18px&#8221; text_line_height=&#8221;1.1em&#8221; width=&#8221;85%&#8221; width_tablet=&#8221;85%&#8221; width_phone=&#8221;85%&#8221; width_last_edited=&#8221;on|desktop&#8221; custom_margin=&#8221;48px|0px||37px|false|false&#8221; custom_margin_tablet=&#8221;0px|0px||0px|false|false&#8221; custom_margin_phone=&#8221;0px|||0px|false|false&#8221; custom_margin_last_edited=&#8221;on|phone&#8221; custom_padding=&#8221;|0px||0px|false|true&#8221; custom_padding_tablet=&#8221;|0px||0px|false|true&#8221; custom_padding_phone=&#8221;|6px||0px|false|false&#8221; custom_padding_last_edited=&#8221;on|desktop&#8221; text_font_size_tablet=&#8221;16px&#8221; text_font_size_phone=&#8221;14px&#8221; text_font_size_last_edited=&#8221;on|phone&#8221; custom_css_main_element=&#8221;font-family:&#8217;Inter&#8217;;||font-weight:400;||line-height:20px;&#8221; global_colors_info=&#8221;{}&#8221;]<\/p>\n<p><span data-metadata=\"&lt;!--(figmeta)eyJmaWxlS2V5IjoiU2Q5YXRXcGFQcUowR2pKU1BFdDY4TiIsInBhc3RlSUQiOjE3OTc0NTUwNjUsImRhdGFUeXBlIjoic2NlbmUifQo=(\/figmeta)--&gt;\"><\/span>Si ets un professional del sector, un expert comercial o alg\u00fa que coneix potencials clients que podrien beneficiar-se dels nostres serveis, contacta amb nosaltres per col\u00b7laborar junts.<\/p>\n<p>Les connexions s\u00f3n la millor oportunitat per fer negocis i estem encantats de col\u00b7laborar amb tu, perqu\u00e8 junts creixem i arribem a m\u00e9s clients.<\/p>\n<p>[\/et_pb_text][\/et_pb_column][et_pb_column type=&#8221;1_2&#8243; _builder_version=&#8221;4.22.1&#8243; _module_preset=&#8221;default&#8221; global_colors_info=&#8221;{}&#8221;][et_pb_image src=&#8221;https:\/\/gruponiceway.com\/wp-content\/uploads\/2024\/10\/070f30d495efdd3f05cc7b9b1f8f9b03-scaled-copy.webp&#8221; title_text=&#8221;070f30d495efdd3f05cc7b9b1f8f9b03-scaled copy&#8221; align=&#8221;center&#8221; _builder_version=&#8221;4.22.1&#8243; _module_preset=&#8221;default&#8221; width=&#8221;100%&#8221; custom_margin=&#8221;-25px|||0px|false|false&#8221; custom_margin_tablet=&#8221;20px|0px||0px|false|true&#8221; custom_margin_phone=&#8221;0px|0px||0px|false|true&#8221; custom_margin_last_edited=&#8221;on|desktop&#8221; border_radii=&#8221;on|15px|15px|15px|15px&#8221; global_colors_info=&#8221;{}&#8221;][\/et_pb_image][\/et_pb_column][\/et_pb_row][\/et_pb_section][et_pb_section fb_built=&#8221;1&#8243; _builder_version=&#8221;4.22.1&#8243; _module_preset=&#8221;default&#8221; background_enable_color=&#8221;off&#8221; use_background_color_gradient=&#8221;on&#8221; background_color_gradient_stops=&#8221;rgba(216,188,157,0.39) 1%|rgba(255,255,255,0.68) 100%&#8221; da_disable_devices=&#8221;off|off|off&#8221; border_radii=&#8221;on|15px|15px|15px|15px&#8221; global_colors_info=&#8221;{}&#8221; da_is_popup=&#8221;off&#8221; da_exit_intent=&#8221;off&#8221; da_has_close=&#8221;on&#8221; da_alt_close=&#8221;off&#8221; da_dark_close=&#8221;off&#8221; da_not_modal=&#8221;on&#8221; da_is_singular=&#8221;off&#8221; da_with_loader=&#8221;off&#8221; da_has_shadow=&#8221;on&#8221;][et_pb_row _builder_version=&#8221;4.22.1&#8243; _module_preset=&#8221;default&#8221; global_colors_info=&#8221;{}&#8221;][et_pb_column type=&#8221;4_4&#8243; _builder_version=&#8221;4.22.1&#8243; _module_preset=&#8221;default&#8221; global_colors_info=&#8221;{}&#8221;][et_pb_text _builder_version=&#8221;4.22.1&#8243; _module_preset=&#8221;default&#8221; text_font=&#8221;charter||||||||&#8221; text_text_color=&#8221;#c38e51&#8243; text_font_size=&#8221;47px&#8221; text_line_height=&#8221;1em&#8221; header_font=&#8221;Abhaya Libre||||||||&#8221; header_text_align=&#8221;center&#8221; header_text_color=&#8221;#c38e51&#8243; header_font_size=&#8221;50px&#8221; header_2_text_color=&#8221;#c38e51&#8243; header_2_font_size=&#8221;40px&#8221; text_orientation=&#8221;center&#8221; text_font_size_tablet=&#8221;48px&#8221; text_font_size_phone=&#8221;32px&#8221; text_font_size_last_edited=&#8221;on|tablet&#8221; header_font_size_tablet=&#8221;36px&#8221; header_font_size_phone=&#8221;34px&#8221; header_font_size_last_edited=&#8221;on|tablet&#8221; custom_css_main_element=&#8221;font-family:&#8217;charter&#8217;;||font-weight:400;&#8221; locked=&#8221;off&#8221; global_colors_info=&#8221;{}&#8221;]<\/p>\n<h2>Coneix el nostre programa de referits<\/h2>\n<p>[\/et_pb_text][et_pb_text _builder_version=&#8221;4.22.1&#8243; _module_preset=&#8221;default&#8221; text_font=&#8221;Inter||||||||&#8221; text_text_color=&#8221;#3c3c3c&#8221; text_font_size=&#8221;16px&#8221; text_line_height=&#8221;1.3em&#8221; text_orientation=&#8221;center&#8221; width=&#8221;50%&#8221; width_tablet=&#8221;50%&#8221; width_phone=&#8221;100%&#8221; width_last_edited=&#8221;on|desktop&#8221; module_alignment=&#8221;center&#8221; custom_margin=&#8221;|||9px|false|false&#8221; custom_margin_tablet=&#8221;|||9px|false|false&#8221; custom_margin_phone=&#8221;|||9px|false|false&#8221; custom_margin_last_edited=&#8221;on|desktop&#8221; text_font_size_tablet=&#8221;16px&#8221; text_font_size_phone=&#8221;14px&#8221; text_font_size_last_edited=&#8221;on|phone&#8221; custom_css_main_element=&#8221;font-family:&#8217;Inter&#8217;;||font-weight:400;&#8221; locked=&#8221;off&#8221; global_colors_info=&#8221;{}&#8221;]Valorem i agra\u00efm el temps i l\u2019esfor\u00e7 de qui ens recomana:[\/et_pb_text][\/et_pb_column][\/et_pb_row][et_pb_row column_structure=&#8221;1_2,1_2&#8243; _builder_version=&#8221;4.22.1&#8243; _module_preset=&#8221;default&#8221; global_colors_info=&#8221;{}&#8221;][et_pb_column type=&#8221;1_2&#8243; _builder_version=&#8221;4.22.1&#8243; _module_preset=&#8221;default&#8221; global_colors_info=&#8221;{}&#8221;][et_pb_blurb title=&#8221;Proc\u00e9s simple&#8221; image=&#8221;https:\/\/gruponiceway.com\/wp-content\/uploads\/2024\/07\/eIOE_1.png&#8221; image_icon_width=&#8221;100%&#8221; content_max_width=&#8221;405px&#8221; image_icon_width_tablet=&#8221;100%&#8221; image_icon_width_phone=&#8221;60%&#8221; image_icon_width_last_edited=&#8221;on|desktop&#8221; content_max_width_tablet=&#8221;405px&#8221; content_max_width_phone=&#8221;405px&#8221; content_max_width_last_edited=&#8221;on|desktop&#8221; _builder_version=&#8221;4.22.1&#8243; _module_preset=&#8221;default&#8221; header_level=&#8221;h3&#8243; header_font=&#8221;charter||||||||&#8221; header_text_align=&#8221;center&#8221; header_text_color=&#8221;#c38e51&#8243; header_font_size=&#8221;24px&#8221; header_line_height=&#8221;1.8em&#8221; body_font=&#8221;Inter||||||||&#8221; body_text_align=&#8221;center&#8221; body_text_color=&#8221;#3c3c3c&#8221; body_font_size=&#8221;16px&#8221; background_color=&#8221;#ffffff&#8221; custom_padding=&#8221;72px|70px|95px|70px|false|true&#8221; custom_padding_tablet=&#8221;69px|70px|69px|70px|true|true&#8221; custom_padding_phone=&#8221;69px|70px|69px|70px|true|true&#8221; custom_padding_last_edited=&#8221;on|desktop&#8221; header_font_size_tablet=&#8221;24px&#8221; header_font_size_phone=&#8221;24px&#8221; header_font_size_last_edited=&#8221;on|phone&#8221; header_line_height_tablet=&#8221;1.8em&#8221; header_line_height_phone=&#8221;1.8em&#8221; header_line_height_last_edited=&#8221;on|desktop&#8221; body_font_size_tablet=&#8221;16px&#8221; body_font_size_phone=&#8221;14px&#8221; body_font_size_last_edited=&#8221;on|desktop&#8221; body_line_height_tablet=&#8221;&#8221; body_line_height_phone=&#8221;&#8221; body_line_height_last_edited=&#8221;on|desktop&#8221; custom_css_main_element=&#8221;font-weight:400;||.et_pb_module_header {||    font-family: &#8216;charter&#8217;;||    font-weight: 400;||}||&#8221; border_radii=&#8221;on|15px|15px|15px|15px&#8221; global_colors_info=&#8221;{}&#8221;]<\/p>\n<p>Nom\u00e9s has de posar-te en contacte amb nosaltres, proporcionar-nos la informaci\u00f3 de contacte del client potencial i, si tanquem satisfact\u00f2riament un negoci amb ell, la recompensa \u00e9s teva.<\/p>\n<p>[\/et_pb_blurb][\/et_pb_column][et_pb_column type=&#8221;1_2&#8243; _builder_version=&#8221;4.22.1&#8243; _module_preset=&#8221;default&#8221; global_colors_info=&#8221;{}&#8221;][et_pb_blurb title=&#8221;Recompensa econ\u00f2mica&#8221; image=&#8221;https:\/\/gruponiceway.com\/wp-content\/uploads\/2024\/07\/eIOE_1-1.png&#8221; image_icon_width=&#8221;100%&#8221; content_max_width=&#8221;405px&#8221; image_icon_width_tablet=&#8221;100%&#8221; image_icon_width_phone=&#8221;60%&#8221; image_icon_width_last_edited=&#8221;on|desktop&#8221; content_max_width_tablet=&#8221;405px&#8221; content_max_width_phone=&#8221;405px&#8221; content_max_width_last_edited=&#8221;on|desktop&#8221; _builder_version=&#8221;4.22.1&#8243; _module_preset=&#8221;default&#8221; header_level=&#8221;h3&#8243; header_font=&#8221;charter||||||||&#8221; header_text_align=&#8221;center&#8221; header_text_color=&#8221;#c38e51&#8243; header_font_size=&#8221;24px&#8221; header_line_height=&#8221;1.8em&#8221; body_font=&#8221;Inter||||||||&#8221; body_text_align=&#8221;center&#8221; body_text_color=&#8221;#3c3c3c&#8221; body_font_size=&#8221;16px&#8221; background_color=&#8221;#ffffff&#8221; custom_padding=&#8221;69px|70px|69px|70px|true|true&#8221; custom_padding_tablet=&#8221;69px|70px|69px|70px|true|true&#8221; custom_padding_phone=&#8221;69px|70px|69px|70px|true|true&#8221; custom_padding_last_edited=&#8221;on|desktop&#8221; header_font_size_tablet=&#8221;24px&#8221; header_font_size_phone=&#8221;28px&#8221; header_font_size_last_edited=&#8221;on|desktop&#8221; header_line_height_tablet=&#8221;1.8em&#8221; header_line_height_phone=&#8221;1.1em&#8221; header_line_height_last_edited=&#8221;on|desktop&#8221; body_font_size_tablet=&#8221;16px&#8221; body_font_size_phone=&#8221;14px&#8221; body_font_size_last_edited=&#8221;on|desktop&#8221; body_line_height_tablet=&#8221;&#8221; body_line_height_phone=&#8221;&#8221; body_line_height_last_edited=&#8221;on|desktop&#8221; custom_css_main_element=&#8221;font-weight:400;||.et_pb_module_header {||    font-family: &#8216;charter&#8217;;||    font-weight: 400;||}||&#8221; border_radii=&#8221;on|15px|15px|15px|15px&#8221; global_colors_info=&#8221;{}&#8221;]Per cada client nou que ens portis i es converteixi en client efectiu, rebr\u00e0s una compensaci\u00f3 econ\u00f2mica.<\/p>\n<p><strong>\u00a1Volem cr\u00e9ixer junts!<\/strong>[\/et_pb_blurb][\/et_pb_column][\/et_pb_row][\/et_pb_section]<\/p>\n","protected":false},"excerpt":{"rendered":"<p>Col\u00b7labora amb nosaltres Col\u00b7laboracions comercials en serveis de neteja, control d\u2019acc\u00e9s i serveis auxiliarsUneix-te al m\u00f3n NiceWay A NiceWay estem en constant creixement i a la recerca de col\u00b7laboracions comercials per continuar enfortint aquest gran projecte. Si ets un professional del sector o simplement comptes amb una xarxa de contactes que ens podria obrir noves [&hellip;]<\/p>\n","protected":false},"author":1,"featured_media":0,"parent":0,"menu_order":0,"comment_status":"closed","ping_status":"closed","template":"","meta":{"_et_pb_use_builder":"on","_et_pb_old_content":"","_et_gb_content_width":"","_monsterinsights_skip_tracking":false,"_monsterinsights_sitenote_active":false,"_monsterinsights_sitenote_note":"","_monsterinsights_sitenote_category":0,"_uf_show_specific_survey":0,"_uf_disable_surveys":false,"footnotes":""},"class_list":["post-8253","page","type-page","status-publish","hentry"],"_links":{"self":[{"href":"https:\/\/gruponiceway.com\/ca\/wp-json\/wp\/v2\/pages\/8253","targetHints":{"allow":["GET"]}}],"collection":[{"href":"https:\/\/gruponiceway.com\/ca\/wp-json\/wp\/v2\/pages"}],"about":[{"href":"https:\/\/gruponiceway.com\/ca\/wp-json\/wp\/v2\/types\/page"}],"author":[{"embeddable":true,"href":"https:\/\/gruponiceway.com\/ca\/wp-json\/wp\/v2\/users\/1"}],"replies":[{"embeddable":true,"href":"https:\/\/gruponiceway.com\/ca\/wp-json\/wp\/v2\/comments?post=8253"}],"version-history":[{"count":3,"href":"https:\/\/gruponiceway.com\/ca\/wp-json\/wp\/v2\/pages\/8253\/revisions"}],"predecessor-version":[{"id":9366,"href":"https:\/\/gruponiceway.com\/ca\/wp-json\/wp\/v2\/pages\/8253\/revisions\/9366"}],"wp:attachment":[{"href":"https:\/\/gruponiceway.com\/ca\/wp-json\/wp\/v2\/media?parent=8253"}],"curies":[{"name":"wp","href":"https:\/\/api.w.org\/{rel}","templated":true}]}}